{"id":44,"date":"2018-08-21T11:53:52","date_gmt":"2018-08-21T10:53:52","guid":{"rendered":"http:\/\/lenggenwil.undgestaltung.ch\/?page_id=44"},"modified":"2024-12-12T13:53:57","modified_gmt":"2024-12-12T12:53:57","slug":"das-mehrzweckgebaeude","status":"publish","type":"page","link":"http:\/\/lenggenwil.undgestaltung.ch\/index.php\/das-mehrzweckgebaeude\/","title":{"rendered":"Das Mehrzweckgeb\u00e4ude"},"content":{"rendered":"<p><strong>Das Mehrzeckgeb\u00e4ude<\/strong><br \/>\nDas MZG Lenggenwil wurde 1986 von folgenden Parteien erbaut: Politische Gemeinde, Primarschulgemeinde Lenggenwil, Kirchgemeinde Lenggenwil und Verein Dorfb\u00fchne Lenggenwil.<\/p>\n<p>Der Verein Dorfb\u00fchne vertritt alle Lenggenwiler Vereine und vermietet die R\u00e4umlichkeiten ausserhalb der Schulzeit. Diese Mieteinnahmen kommen vollumf\u00e4nglich dem Unterhalt des Geb\u00e4udes und der Infrastruktur zu Gute.<\/p>\n<p>Folgende R\u00e4umlichkeiten k\u00f6nnen einzeln oder miteinander kombiniert gemietet werden:<br \/>\n-Turnhalle (360 Personen)<br \/>\n-Office<br \/>\n-B\u00fchne<br \/>\n-Kirchgemeindesaal (100 Personen)<br \/>\n-Sitzungszimmer (12 Personen)<\/p>\n<p><img loading=\"lazy\" class=\"wp-image-127 alignleft\" src=\"http:\/\/lenggenwil.undgestaltung.ch\/wp-content\/uploads\/2018\/11\/DSC_1243-1024x685.jpg\" alt=\"\" width=\"754\" height=\"505\" srcset=\"http:\/\/lenggenwil.undgestaltung.ch\/wp-content\/uploads\/2018\/11\/DSC_1243-1024x685.jpg 1024w, http:\/\/lenggenwil.undgestaltung.ch\/wp-content\/uploads\/2018\/11\/DSC_1243-300x201.jpg 300w, http:\/\/lenggenwil.undgestaltung.ch\/wp-content\/uploads\/2018\/11\/DSC_1243-768x514.jpg 768w\" sizes=\"(max-width: 754px) 100vw, 754px\" \/><\/p>\n<h4><strong>Dokumente<\/strong><\/h4>\n<h4><strong><a href=\"http:\/\/lenggenwil.undgestaltung.ch\/wp-content\/uploads\/2024\/12\/Nutzungs-und-Verwaltungsordnung.pdf\">Nutzung- und Verwaltungsordnung<\/a><\/strong><\/h4>\n<h4><strong><a href=\"http:\/\/lenggenwil.undgestaltung.ch\/wp-content\/uploads\/2024\/12\/Ausfuehrungsbestimmungen.pdf\">Ausf\u00fchrungsbestimmungen<\/a><\/strong><\/h4>\n<h4><a href=\"http:\/\/lenggenwil.undgestaltung.ch\/wp-content\/uploads\/2024\/12\/Mietvertrag-MZG-2025.pdf\"><strong>Mietvertrag MZG<\/strong><\/a><\/h4>\n<h4><a href=\"http:\/\/lenggenwil.undgestaltung.ch\/wp-content\/uploads\/2024\/12\/Formular-Miete-Geschirr_2025.pdf\"><strong>Geschirr<\/strong><\/a><\/h4>\n<h4><\/h4>\n<h4><strong>Brandschutzvorschriften<\/strong><\/h4>\n<h4><a href=\"http:\/\/lenggenwil.undgestaltung.ch\/wp-content\/uploads\/2019\/04\/W_6_Dekorationen_in_Raeumen_W.pdf\">Dekorationen in R\u00e4umen<\/a><\/h4>\n<h4><a href=\"http:\/\/lenggenwil.undgestaltung.ch\/wp-content\/uploads\/2019\/04\/W_7_Zeltbauten_und_Tribuenen_W.pdf\">Zeltbauten und Trib\u00fcnen<\/a><\/h4>\n<h4><a href=\"http:\/\/lenggenwil.undgestaltung.ch\/wp-content\/uploads\/2019\/04\/W_12_-_Flssiggas_an_Veranstaltungen_W.pdf\">Fl\u00fcssiggas an Veranstaltungen<\/a><\/h4>\n<h4><\/h4>\n<h4><\/h4>\n<h4><\/h4>\n<h4><strong>Belegung<\/strong><\/h4>\n<h4><\/h4>\n<h4><a href=\"http:\/\/lenggenwil.undgestaltung.ch\/index.php\/belegung-buehne\/\" target=\"_blank\" rel=\"noopener\">B\u00fchne<\/a><br \/>\n<a href=\"http:\/\/lenggenwil.undgestaltung.ch\/index.php\/belegung-turnhalle\/\" target=\"_blank\" rel=\"noopener\">Turnhalle<\/a><br \/>\n<a href=\"http:\/\/lenggenwil.undgestaltung.ch\/index.php\/belegung-sitzungszimmer\/\" target=\"_blank\" rel=\"noopener\">Sitzungszimmer<\/a><br \/>\n<a href=\"http:\/\/lenggenwil.undgestaltung.ch\/index.php\/belegung-pfarreisaal\/\" target=\"_blank\" rel=\"noopener\">Pfarreisaal<\/a><\/h4>\n<h4><strong>Kontaktadresse<\/strong>:<br \/>\nKarin Meienhofer, Tel. 078 \/ 603 03 26<strong>, <\/strong><a href=\"mailto:kmeienhofer@gmx.ch\">kmeienhofer@gmx.ch<\/a><\/h4>\n<p><img loading=\"lazy\" class=\"alignnone wp-image-126\" src=\"http:\/\/lenggenwil.undgestaltung.ch\/wp-content\/uploads\/2018\/11\/DSC_1242-1024x685.jpg\" alt=\"\" width=\"754\" height=\"505\" srcset=\"http:\/\/lenggenwil.undgestaltung.ch\/wp-content\/uploads\/2018\/11\/DSC_1242-1024x685.jpg 1024w, http:\/\/lenggenwil.undgestaltung.ch\/wp-content\/uploads\/2018\/11\/DSC_1242-300x201.jpg 300w, http:\/\/lenggenwil.undgestaltung.ch\/wp-content\/uploads\/2018\/11\/DSC_1242-768x514.jpg 768w\" sizes=\"(max-width: 754px) 100vw, 754px\" \/><\/p>\n<p><img loading=\"lazy\" class=\"alignnone wp-image-125\" src=\"http:\/\/lenggenwil.undgestaltung.ch\/wp-content\/uploads\/2018\/11\/DSC_1241-1024x685.jpg\" alt=\"\" width=\"754\" height=\"505\" srcset=\"http:\/\/lenggenwil.undgestaltung.ch\/wp-content\/uploads\/2018\/11\/DSC_1241-1024x685.jpg 1024w, http:\/\/lenggenwil.undgestaltung.ch\/wp-content\/uploads\/2018\/11\/DSC_1241-300x201.jpg 300w, http:\/\/lenggenwil.undgestaltung.ch\/wp-content\/uploads\/2018\/11\/DSC_1241-768x514.jpg 768w\" sizes=\"(max-width: 754px) 100vw, 754px\" \/><\/p>\n<p><img loading=\"lazy\" class=\"alignnone wp-image-124\" src=\"http:\/\/lenggenwil.undgestaltung.ch\/wp-content\/uploads\/2018\/11\/DSC_1239-300x201.jpg\" alt=\"\" width=\"754\" height=\"505\" srcset=\"http:\/\/lenggenwil.undgestaltung.ch\/wp-content\/uploads\/2018\/11\/DSC_1239-300x201.jpg 300w, http:\/\/lenggenwil.undgestaltung.ch\/wp-content\/uploads\/2018\/11\/DSC_1239-768x514.jpg 768w, http:\/\/lenggenwil.undgestaltung.ch\/wp-content\/uploads\/2018\/11\/DSC_1239-1024x685.jpg 1024w\" sizes=\"(max-width: 754px) 100vw, 754px\" \/><\/p>\n<p><img loading=\"lazy\" class=\"alignnone wp-image-123\" src=\"http:\/\/lenggenwil.undgestaltung.ch\/wp-content\/uploads\/2018\/11\/DSC_1238-300x201.jpg\" alt=\"\" width=\"754\" height=\"505\" srcset=\"http:\/\/lenggenwil.undgestaltung.ch\/wp-content\/uploads\/2018\/11\/DSC_1238-300x201.jpg 300w, http:\/\/lenggenwil.undgestaltung.ch\/wp-content\/uploads\/2018\/11\/DSC_1238-768x514.jpg 768w, http:\/\/lenggenwil.undgestaltung.ch\/wp-content\/uploads\/2018\/11\/DSC_1238-1024x685.jpg 1024w\" sizes=\"(max-width: 754px) 100vw, 754px\" \/><\/p>\n<p><img loading=\"lazy\" class=\"alignnone wp-image-121\" src=\"http:\/\/lenggenwil.undgestaltung.ch\/wp-content\/uploads\/2018\/11\/DSC_1236-300x201.jpg\" alt=\"\" width=\"754\" height=\"505\" srcset=\"http:\/\/lenggenwil.undgestaltung.ch\/wp-content\/uploads\/2018\/11\/DSC_1236-300x201.jpg 300w, http:\/\/lenggenwil.undgestaltung.ch\/wp-content\/uploads\/2018\/11\/DSC_1236-768x514.jpg 768w, http:\/\/lenggenwil.undgestaltung.ch\/wp-content\/uploads\/2018\/11\/DSC_1236-1024x685.jpg 1024w\" sizes=\"(max-width: 754px) 100vw, 754px\" \/><\/p>\n<p><img loading=\"lazy\" class=\"alignnone wp-image-119\" src=\"http:\/\/lenggenwil.undgestaltung.ch\/wp-content\/uploads\/2018\/11\/DSC_1234-300x201.jpg\" alt=\"\" width=\"754\" height=\"505\" srcset=\"http:\/\/lenggenwil.undgestaltung.ch\/wp-content\/uploads\/2018\/11\/DSC_1234-300x201.jpg 300w, http:\/\/lenggenwil.undgestaltung.ch\/wp-content\/uploads\/2018\/11\/DSC_1234-768x514.jpg 768w, http:\/\/lenggenwil.undgestaltung.ch\/wp-content\/uploads\/2018\/11\/DSC_1234-1024x685.jpg 1024w\" sizes=\"(max-width: 754px) 100vw, 754px\" \/><\/p>\n<p><img loading=\"lazy\" class=\"alignnone wp-image-117\" src=\"http:\/\/lenggenwil.undgestaltung.ch\/wp-content\/uploads\/2018\/11\/DSC_1230-300x201.jpg\" alt=\"\" width=\"754\" height=\"505\" srcset=\"http:\/\/lenggenwil.undgestaltung.ch\/wp-content\/uploads\/2018\/11\/DSC_1230-300x201.jpg 300w, http:\/\/lenggenwil.undgestaltung.ch\/wp-content\/uploads\/2018\/11\/DSC_1230-768x514.jpg 768w, http:\/\/lenggenwil.undgestaltung.ch\/wp-content\/uploads\/2018\/11\/DSC_1230-1024x685.jpg 1024w\" sizes=\"(max-width: 754px) 100vw, 754px\" \/><\/p>\n<p><img loading=\"lazy\" class=\"alignnone wp-image-116\" src=\"http:\/\/lenggenwil.undgestaltung.ch\/wp-content\/uploads\/2018\/11\/DSC_1226-300x201.jpg\" alt=\"\" width=\"754\" height=\"505\" srcset=\"http:\/\/lenggenwil.undgestaltung.ch\/wp-content\/uploads\/2018\/11\/DSC_1226-300x201.jpg 300w, http:\/\/lenggenwil.undgestaltung.ch\/wp-content\/uploads\/2018\/11\/DSC_1226-768x514.jpg 768w, http:\/\/lenggenwil.undgestaltung.ch\/wp-content\/uploads\/2018\/11\/DSC_1226-1024x685.jpg 1024w\" sizes=\"(max-width: 754px) 100vw, 754px\" \/><\/p>\n<p><img loading=\"lazy\" class=\"alignnone wp-image-115\" src=\"http:\/\/lenggenwil.undgestaltung.ch\/wp-content\/uploads\/2018\/11\/DSC_1225-300x201.jpg\" alt=\"\" width=\"754\" height=\"505\" srcset=\"http:\/\/lenggenwil.undgestaltung.ch\/wp-content\/uploads\/2018\/11\/DSC_1225-300x201.jpg 300w, http:\/\/lenggenwil.undgestaltung.ch\/wp-content\/uploads\/2018\/11\/DSC_1225-768x514.jpg 768w, http:\/\/lenggenwil.undgestaltung.ch\/wp-content\/uploads\/2018\/11\/DSC_1225-1024x685.jpg 1024w\" sizes=\"(max-width: 754px) 100vw, 754px\" \/><\/p>\n<p><img loading=\"lazy\" class=\"alignnone wp-image-113\" src=\"http:\/\/lenggenwil.undgestaltung.ch\/wp-content\/uploads\/2018\/11\/DSC_1222-300x201.jpg\" alt=\"\" width=\"754\" height=\"505\" srcset=\"http:\/\/lenggenwil.undgestaltung.ch\/wp-content\/uploads\/2018\/11\/DSC_1222-300x201.jpg 300w, http:\/\/lenggenwil.undgestaltung.ch\/wp-content\/uploads\/2018\/11\/DSC_1222-768x514.jpg 768w, http:\/\/lenggenwil.undgestaltung.ch\/wp-content\/uploads\/2018\/11\/DSC_1222-1024x685.jpg 1024w\" sizes=\"(max-width: 754px) 100vw, 754px\" \/><\/p>\n<p><img loading=\"lazy\" class=\"alignnone wp-image-111\" src=\"http:\/\/lenggenwil.undgestaltung.ch\/wp-content\/uploads\/2018\/11\/DSC_1219-300x201.jpg\" alt=\"\" width=\"754\" height=\"505\" srcset=\"http:\/\/lenggenwil.undgestaltung.ch\/wp-content\/uploads\/2018\/11\/DSC_1219-300x201.jpg 300w, http:\/\/lenggenwil.undgestaltung.ch\/wp-content\/uploads\/2018\/11\/DSC_1219-768x514.jpg 768w, http:\/\/lenggenwil.undgestaltung.ch\/wp-content\/uploads\/2018\/11\/DSC_1219-1024x685.jpg 1024w\" sizes=\"(max-width: 754px) 100vw, 754px\" \/><\/p>\n<p><img loading=\"lazy\" class=\"alignnone wp-image-109\" src=\"http:\/\/lenggenwil.undgestaltung.ch\/wp-content\/uploads\/2018\/11\/DSC_1213-300x201.jpg\" alt=\"\" width=\"754\" height=\"505\" srcset=\"http:\/\/lenggenwil.undgestaltung.ch\/wp-content\/uploads\/2018\/11\/DSC_1213-300x201.jpg 300w, http:\/\/lenggenwil.undgestaltung.ch\/wp-content\/uploads\/2018\/11\/DSC_1213-768x514.jpg 768w, http:\/\/lenggenwil.undgestaltung.ch\/wp-content\/uploads\/2018\/11\/DSC_1213-1024x685.jpg 1024w\" sizes=\"(max-width: 754px) 100vw, 754px\" \/><\/p>\n","protected":false},"excerpt":{"rendered":"<p>Das Mehrzeckgeb\u00e4ude Das MZG Lenggenwil wurde 1986 von folgenden Parteien erbaut: Politische Gemeinde, Primarschulgemeinde Lenggenwil, Kirchgemeinde Lenggenwil und Verein Dorfb\u00fchne Lenggenwil. Der Verein Dorfb\u00fchne vertritt alle Lenggenwiler Vereine und vermietet die R\u00e4umlichkeiten ausserhalb der Schulzeit. Diese Mieteinnahmen kommen vollumf\u00e4nglich dem Unterhalt des Geb\u00e4udes und der Infrastruktur zu Gute. Folgende R\u00e4umlichkeiten k\u00f6nnen einzeln oder miteinander kombiniert [&hellip;]<\/p>\n","protected":false},"author":1,"featured_media":0,"parent":0,"menu_order":0,"comment_status":"closed","ping_status":"closed","template":"","meta":[],"_links":{"self":[{"href":"http:\/\/lenggenwil.undgestaltung.ch\/index.php\/wp-json\/wp\/v2\/pages\/44"}],"collection":[{"href":"http:\/\/lenggenwil.undgestaltung.ch\/index.php\/wp-json\/wp\/v2\/pages"}],"about":[{"href":"http:\/\/lenggenwil.undgestaltung.ch\/index.php\/wp-json\/wp\/v2\/types\/page"}],"author":[{"embeddable":true,"href":"http:\/\/lenggenwil.undgestaltung.ch\/index.php\/wp-json\/wp\/v2\/users\/1"}],"replies":[{"embeddable":true,"href":"http:\/\/lenggenwil.undgestaltung.ch\/index.php\/wp-json\/wp\/v2\/comments?post=44"}],"version-history":[{"count":125,"href":"http:\/\/lenggenwil.undgestaltung.ch\/index.php\/wp-json\/wp\/v2\/pages\/44\/revisions"}],"predecessor-version":[{"id":565,"href":"http:\/\/lenggenwil.undgestaltung.ch\/index.php\/wp-json\/wp\/v2\/pages\/44\/revisions\/565"}],"wp:attachment":[{"href":"http:\/\/lenggenwil.undgestaltung.ch\/index.php\/wp-json\/wp\/v2\/media?parent=44"}],"curies":[{"name":"wp","href":"https:\/\/api.w.org\/{rel}","templated":true}]}}