{"id":6,"date":"2018-08-21T09:24:33","date_gmt":"2018-08-21T09:24:33","guid":{"rendered":"http:\/\/lenggenwil.undgestaltung.ch\/?page_id=6"},"modified":"2025-09-24T13:45:51","modified_gmt":"2025-09-24T12:45:51","slug":"verein-dorfbuehne-lenggenwil","status":"publish","type":"page","link":"http:\/\/lenggenwil.undgestaltung.ch\/","title":{"rendered":"Verein Dorfb\u00fchne Lenggenwil"},"content":{"rendered":"<div id='gallery-1' class='gallery galleryid-6 gallery-columns-5 gallery-size-thumbnail'><figure class='gallery-item'>\n\t\t\t<div class='gallery-icon landscape'>\n\t\t\t\t<a href='http:\/\/lenggenwil.undgestaltung.ch\/index.php\/verein-dorfbuehne-lenggenwil\/08-07-2017-krone-dsc_0996-k\/'><img width=\"150\" height=\"150\" src=\"http:\/\/lenggenwil.undgestaltung.ch\/wp-content\/uploads\/2019\/03\/08-07-2017-Krone-DSC_0996-K-150x150.jpg\" class=\"attachment-thumbnail size-thumbnail\" alt=\"\" loading=\"lazy\" srcset=\"http:\/\/lenggenwil.undgestaltung.ch\/wp-content\/uploads\/2019\/03\/08-07-2017-Krone-DSC_0996-K-150x150.jpg 150w, http:\/\/lenggenwil.undgestaltung.ch\/wp-content\/uploads\/2019\/03\/08-07-2017-Krone-DSC_0996-K-400x400.jpg 400w, http:\/\/lenggenwil.undgestaltung.ch\/wp-content\/uploads\/2019\/03\/08-07-2017-Krone-DSC_0996-K-100x100.jpg 100w\" sizes=\"(max-width: 150px) 100vw, 150px\" \/><\/a>\n\t\t\t<\/div><\/figure><figure class='gallery-item'>\n\t\t\t<div class='gallery-icon landscape'>\n\t\t\t\t<a href='http:\/\/lenggenwil.undgestaltung.ch\/index.php\/verein-dorfbuehne-lenggenwil\/2014-chlauseinschellen-dsc_4971-k1\/'><img width=\"150\" height=\"150\" src=\"http:\/\/lenggenwil.undgestaltung.ch\/wp-content\/uploads\/2019\/03\/2014-Chlauseinschellen-DSC_4971-K1-150x150.jpg\" class=\"attachment-thumbnail size-thumbnail\" alt=\"\" loading=\"lazy\" srcset=\"http:\/\/lenggenwil.undgestaltung.ch\/wp-content\/uploads\/2019\/03\/2014-Chlauseinschellen-DSC_4971-K1-150x150.jpg 150w, http:\/\/lenggenwil.undgestaltung.ch\/wp-content\/uploads\/2019\/03\/2014-Chlauseinschellen-DSC_4971-K1-400x400.jpg 400w, http:\/\/lenggenwil.undgestaltung.ch\/wp-content\/uploads\/2019\/03\/2014-Chlauseinschellen-DSC_4971-K1-100x100.jpg 100w\" sizes=\"(max-width: 150px) 100vw, 150px\" \/><\/a>\n\t\t\t<\/div><\/figure><figure class='gallery-item'>\n\t\t\t<div class='gallery-icon portrait'>\n\t\t\t\t<a href='http:\/\/lenggenwil.undgestaltung.ch\/index.php\/verein-dorfbuehne-lenggenwil\/20120923-ballonstart-kathedrale-dsc_0277-k1\/'><img width=\"150\" height=\"150\" src=\"http:\/\/lenggenwil.undgestaltung.ch\/wp-content\/uploads\/2019\/03\/20120923-Ballonstart-Kathedrale-DSC_0277-K1-150x150.jpg\" class=\"attachment-thumbnail size-thumbnail\" alt=\"\" loading=\"lazy\" srcset=\"http:\/\/lenggenwil.undgestaltung.ch\/wp-content\/uploads\/2019\/03\/20120923-Ballonstart-Kathedrale-DSC_0277-K1-150x150.jpg 150w, http:\/\/lenggenwil.undgestaltung.ch\/wp-content\/uploads\/2019\/03\/20120923-Ballonstart-Kathedrale-DSC_0277-K1-400x400.jpg 400w, http:\/\/lenggenwil.undgestaltung.ch\/wp-content\/uploads\/2019\/03\/20120923-Ballonstart-Kathedrale-DSC_0277-K1-100x100.jpg 100w\" sizes=\"(max-width: 150px) 100vw, 150px\" \/><\/a>\n\t\t\t<\/div><\/figure><figure class='gallery-item'>\n\t\t\t<div class='gallery-icon landscape'>\n\t\t\t\t<a href='http:\/\/lenggenwil.undgestaltung.ch\/index.php\/verein-dorfbuehne-lenggenwil\/20140427-kirchenkonzert-dsc_2078-k\/'><img width=\"150\" height=\"150\" src=\"http:\/\/lenggenwil.undgestaltung.ch\/wp-content\/uploads\/2019\/03\/20140427-Kirchenkonzert-DSC_2078-K-150x150.jpg\" class=\"attachment-thumbnail size-thumbnail\" alt=\"\" loading=\"lazy\" srcset=\"http:\/\/lenggenwil.undgestaltung.ch\/wp-content\/uploads\/2019\/03\/20140427-Kirchenkonzert-DSC_2078-K-150x150.jpg 150w, http:\/\/lenggenwil.undgestaltung.ch\/wp-content\/uploads\/2019\/03\/20140427-Kirchenkonzert-DSC_2078-K-400x400.jpg 400w, http:\/\/lenggenwil.undgestaltung.ch\/wp-content\/uploads\/2019\/03\/20140427-Kirchenkonzert-DSC_2078-K-100x100.jpg 100w\" sizes=\"(max-width: 150px) 100vw, 150px\" \/><\/a>\n\t\t\t<\/div><\/figure><figure class='gallery-item'>\n\t\t\t<div class='gallery-icon landscape'>\n\t\t\t\t<a href='http:\/\/lenggenwil.undgestaltung.ch\/index.php\/verein-dorfbuehne-lenggenwil\/20141231-silvestermusik\/'><img width=\"150\" height=\"150\" src=\"http:\/\/lenggenwil.undgestaltung.ch\/wp-content\/uploads\/2019\/03\/20141231-Silvestermusik--150x150.jpg\" class=\"attachment-thumbnail size-thumbnail\" alt=\"\" loading=\"lazy\" srcset=\"http:\/\/lenggenwil.undgestaltung.ch\/wp-content\/uploads\/2019\/03\/20141231-Silvestermusik--150x150.jpg 150w, http:\/\/lenggenwil.undgestaltung.ch\/wp-content\/uploads\/2019\/03\/20141231-Silvestermusik--400x400.jpg 400w, http:\/\/lenggenwil.undgestaltung.ch\/wp-content\/uploads\/2019\/03\/20141231-Silvestermusik--100x100.jpg 100w\" sizes=\"(max-width: 150px) 100vw, 150px\" \/><\/a>\n\t\t\t<\/div><\/figure><figure class='gallery-item'>\n\t\t\t<div class='gallery-icon landscape'>\n\t\t\t\t<a href='http:\/\/lenggenwil.undgestaltung.ch\/index.php\/verein-dorfbuehne-lenggenwil\/20141231-silvestermusik-dsc_5370-k\/'><img width=\"150\" height=\"150\" src=\"http:\/\/lenggenwil.undgestaltung.ch\/wp-content\/uploads\/2019\/03\/20141231-Silvestermusik-DSC_5370-K-150x150.jpg\" class=\"attachment-thumbnail size-thumbnail\" alt=\"\" loading=\"lazy\" srcset=\"http:\/\/lenggenwil.undgestaltung.ch\/wp-content\/uploads\/2019\/03\/20141231-Silvestermusik-DSC_5370-K-150x150.jpg 150w, http:\/\/lenggenwil.undgestaltung.ch\/wp-content\/uploads\/2019\/03\/20141231-Silvestermusik-DSC_5370-K-400x400.jpg 400w, http:\/\/lenggenwil.undgestaltung.ch\/wp-content\/uploads\/2019\/03\/20141231-Silvestermusik-DSC_5370-K-100x100.jpg 100w\" sizes=\"(max-width: 150px) 100vw, 150px\" \/><\/a>\n\t\t\t<\/div><\/figure><figure class='gallery-item'>\n\t\t\t<div class='gallery-icon landscape'>\n\t\t\t\t<a href='http:\/\/lenggenwil.undgestaltung.ch\/index.php\/verein-dorfbuehne-lenggenwil\/20140928-erntedankfest-dsc02667\/'><img width=\"150\" height=\"150\" src=\"http:\/\/lenggenwil.undgestaltung.ch\/wp-content\/uploads\/2019\/03\/20140928-Erntedankfest-DSC02667-150x150.jpg\" class=\"attachment-thumbnail size-thumbnail\" alt=\"\" loading=\"lazy\" srcset=\"http:\/\/lenggenwil.undgestaltung.ch\/wp-content\/uploads\/2019\/03\/20140928-Erntedankfest-DSC02667-150x150.jpg 150w, http:\/\/lenggenwil.undgestaltung.ch\/wp-content\/uploads\/2019\/03\/20140928-Erntedankfest-DSC02667-400x400.jpg 400w, http:\/\/lenggenwil.undgestaltung.ch\/wp-content\/uploads\/2019\/03\/20140928-Erntedankfest-DSC02667-100x100.jpg 100w\" sizes=\"(max-width: 150px) 100vw, 150px\" \/><\/a>\n\t\t\t<\/div><\/figure><figure class='gallery-item'>\n\t\t\t<div class='gallery-icon landscape'>\n\t\t\t\t<a href='http:\/\/lenggenwil.undgestaltung.ch\/index.php\/verein-dorfbuehne-lenggenwil\/20160708-grillplausch-dsc_4145-k\/'><img width=\"150\" height=\"150\" src=\"http:\/\/lenggenwil.undgestaltung.ch\/wp-content\/uploads\/2019\/03\/20160708-Grillplausch-DSC_4145-K-150x150.jpg\" class=\"attachment-thumbnail size-thumbnail\" alt=\"\" loading=\"lazy\" srcset=\"http:\/\/lenggenwil.undgestaltung.ch\/wp-content\/uploads\/2019\/03\/20160708-Grillplausch-DSC_4145-K-150x150.jpg 150w, http:\/\/lenggenwil.undgestaltung.ch\/wp-content\/uploads\/2019\/03\/20160708-Grillplausch-DSC_4145-K-400x400.jpg 400w, http:\/\/lenggenwil.undgestaltung.ch\/wp-content\/uploads\/2019\/03\/20160708-Grillplausch-DSC_4145-K-100x100.jpg 100w\" sizes=\"(max-width: 150px) 100vw, 150px\" \/><\/a>\n\t\t\t<\/div><\/figure><figure class='gallery-item'>\n\t\t\t<div class='gallery-icon landscape'>\n\t\t\t\t<a href='http:\/\/lenggenwil.undgestaltung.ch\/index.php\/verein-dorfbuehne-lenggenwil\/20170417-erstkommunion-dsc_7943-k\/'><img width=\"150\" height=\"150\" src=\"http:\/\/lenggenwil.undgestaltung.ch\/wp-content\/uploads\/2019\/03\/20170417-Erstkommunion-DSC_7943-K-150x150.jpg\" class=\"attachment-thumbnail size-thumbnail\" alt=\"\" loading=\"lazy\" srcset=\"http:\/\/lenggenwil.undgestaltung.ch\/wp-content\/uploads\/2019\/03\/20170417-Erstkommunion-DSC_7943-K-150x150.jpg 150w, http:\/\/lenggenwil.undgestaltung.ch\/wp-content\/uploads\/2019\/03\/20170417-Erstkommunion-DSC_7943-K-400x400.jpg 400w, http:\/\/lenggenwil.undgestaltung.ch\/wp-content\/uploads\/2019\/03\/20170417-Erstkommunion-DSC_7943-K-100x100.jpg 100w\" sizes=\"(max-width: 150px) 100vw, 150px\" \/><\/a>\n\t\t\t<\/div><\/figure><figure class='gallery-item'>\n\t\t\t<div class='gallery-icon portrait'>\n\t\t\t\t<a href='http:\/\/lenggenwil.undgestaltung.ch\/index.php\/verein-dorfbuehne-lenggenwil\/20170924-erntedankfest-dsc_1731\/'><img width=\"150\" height=\"150\" src=\"http:\/\/lenggenwil.undgestaltung.ch\/wp-content\/uploads\/2019\/03\/20170924-Erntedankfest-DSC_1731-e1552486507784-150x150.jpg\" class=\"attachment-thumbnail size-thumbnail\" alt=\"\" loading=\"lazy\" srcset=\"http:\/\/lenggenwil.undgestaltung.ch\/wp-content\/uploads\/2019\/03\/20170924-Erntedankfest-DSC_1731-e1552486507784-150x150.jpg 150w, http:\/\/lenggenwil.undgestaltung.ch\/wp-content\/uploads\/2019\/03\/20170924-Erntedankfest-DSC_1731-e1552486507784-400x400.jpg 400w, http:\/\/lenggenwil.undgestaltung.ch\/wp-content\/uploads\/2019\/03\/20170924-Erntedankfest-DSC_1731-e1552486507784-100x100.jpg 100w\" sizes=\"(max-width: 150px) 100vw, 150px\" \/><\/a>\n\t\t\t<\/div><\/figure><figure class='gallery-item'>\n\t\t\t<div class='gallery-icon landscape'>\n\t\t\t\t<a href='http:\/\/lenggenwil.undgestaltung.ch\/index.php\/verein-dorfbuehne-lenggenwil\/20180902-40-j-jungwacht-dsc_0529-k\/'><img width=\"150\" height=\"150\" src=\"http:\/\/lenggenwil.undgestaltung.ch\/wp-content\/uploads\/2019\/03\/20180902-40-J-Jungwacht-DSC_0529-K-150x150.jpg\" class=\"attachment-thumbnail size-thumbnail\" alt=\"\" loading=\"lazy\" srcset=\"http:\/\/lenggenwil.undgestaltung.ch\/wp-content\/uploads\/2019\/03\/20180902-40-J-Jungwacht-DSC_0529-K-150x150.jpg 150w, http:\/\/lenggenwil.undgestaltung.ch\/wp-content\/uploads\/2019\/03\/20180902-40-J-Jungwacht-DSC_0529-K-400x400.jpg 400w, http:\/\/lenggenwil.undgestaltung.ch\/wp-content\/uploads\/2019\/03\/20180902-40-J-Jungwacht-DSC_0529-K-100x100.jpg 100w\" sizes=\"(max-width: 150px) 100vw, 150px\" \/><\/a>\n\t\t\t<\/div><\/figure><figure class='gallery-item'>\n\t\t\t<div class='gallery-icon landscape'>\n\t\t\t\t<a href='http:\/\/lenggenwil.undgestaltung.ch\/index.php\/verein-dorfbuehne-lenggenwil\/20180527-kulturgebaeude-einweihung-dsc_6922-k\/'><img width=\"150\" height=\"150\" src=\"http:\/\/lenggenwil.undgestaltung.ch\/wp-content\/uploads\/2019\/03\/20180527-Kulturgeb\u00e4ude-Einweihung-DSC_6922-K-150x150.jpg\" class=\"attachment-thumbnail size-thumbnail\" alt=\"\" loading=\"lazy\" srcset=\"http:\/\/lenggenwil.undgestaltung.ch\/wp-content\/uploads\/2019\/03\/20180527-Kulturgeb\u00e4ude-Einweihung-DSC_6922-K-150x150.jpg 150w, http:\/\/lenggenwil.undgestaltung.ch\/wp-content\/uploads\/2019\/03\/20180527-Kulturgeb\u00e4ude-Einweihung-DSC_6922-K-400x400.jpg 400w, http:\/\/lenggenwil.undgestaltung.ch\/wp-content\/uploads\/2019\/03\/20180527-Kulturgeb\u00e4ude-Einweihung-DSC_6922-K-100x100.jpg 100w\" sizes=\"(max-width: 150px) 100vw, 150px\" \/><\/a>\n\t\t\t<\/div><\/figure><figure class='gallery-item'>\n\t\t\t<div class='gallery-icon landscape'>\n\t\t\t\t<a href='http:\/\/lenggenwil.undgestaltung.ch\/index.php\/verein-dorfbuehne-lenggenwil\/20180527-kulturgebaeude-einweihung-dsc_6914-k\/'><img width=\"150\" height=\"150\" src=\"http:\/\/lenggenwil.undgestaltung.ch\/wp-content\/uploads\/2019\/03\/20180527-Kulturgeb\u00e4ude-Einweihung-DSC_6914-K-150x150.jpg\" class=\"attachment-thumbnail size-thumbnail\" alt=\"\" loading=\"lazy\" srcset=\"http:\/\/lenggenwil.undgestaltung.ch\/wp-content\/uploads\/2019\/03\/20180527-Kulturgeb\u00e4ude-Einweihung-DSC_6914-K-150x150.jpg 150w, http:\/\/lenggenwil.undgestaltung.ch\/wp-content\/uploads\/2019\/03\/20180527-Kulturgeb\u00e4ude-Einweihung-DSC_6914-K-400x400.jpg 400w, http:\/\/lenggenwil.undgestaltung.ch\/wp-content\/uploads\/2019\/03\/20180527-Kulturgeb\u00e4ude-Einweihung-DSC_6914-K-100x100.jpg 100w\" sizes=\"(max-width: 150px) 100vw, 150px\" \/><\/a>\n\t\t\t<\/div><\/figure><figure class='gallery-item'>\n\t\t\t<div class='gallery-icon landscape'>\n\t\t\t\t<a href='http:\/\/lenggenwil.undgestaltung.ch\/index.php\/verein-dorfbuehne-lenggenwil\/20180527-kulturgebaeude-einweihung-dsc_6723-k\/'><img width=\"150\" height=\"150\" src=\"http:\/\/lenggenwil.undgestaltung.ch\/wp-content\/uploads\/2019\/03\/20180527-Kulturgeb\u00e4ude-Einweihung-DSC_6723-K-150x150.jpg\" class=\"attachment-thumbnail size-thumbnail\" alt=\"\" loading=\"lazy\" srcset=\"http:\/\/lenggenwil.undgestaltung.ch\/wp-content\/uploads\/2019\/03\/20180527-Kulturgeb\u00e4ude-Einweihung-DSC_6723-K-150x150.jpg 150w, http:\/\/lenggenwil.undgestaltung.ch\/wp-content\/uploads\/2019\/03\/20180527-Kulturgeb\u00e4ude-Einweihung-DSC_6723-K-400x400.jpg 400w, http:\/\/lenggenwil.undgestaltung.ch\/wp-content\/uploads\/2019\/03\/20180527-Kulturgeb\u00e4ude-Einweihung-DSC_6723-K-100x100.jpg 100w\" sizes=\"(max-width: 150px) 100vw, 150px\" \/><\/a>\n\t\t\t<\/div><\/figure><figure class='gallery-item'>\n\t\t\t<div class='gallery-icon landscape'>\n\t\t\t\t<a href='http:\/\/lenggenwil.undgestaltung.ch\/index.php\/verein-dorfbuehne-lenggenwil\/20180527-kulturgebaeude-einweihung-dsc_6860-k\/'><img width=\"150\" height=\"150\" src=\"http:\/\/lenggenwil.undgestaltung.ch\/wp-content\/uploads\/2019\/03\/20180527-Kulturgeb\u00e4ude-Einweihung-DSC_6860-K-150x150.jpg\" class=\"attachment-thumbnail size-thumbnail\" alt=\"\" loading=\"lazy\" srcset=\"http:\/\/lenggenwil.undgestaltung.ch\/wp-content\/uploads\/2019\/03\/20180527-Kulturgeb\u00e4ude-Einweihung-DSC_6860-K-150x150.jpg 150w, http:\/\/lenggenwil.undgestaltung.ch\/wp-content\/uploads\/2019\/03\/20180527-Kulturgeb\u00e4ude-Einweihung-DSC_6860-K-400x400.jpg 400w, http:\/\/lenggenwil.undgestaltung.ch\/wp-content\/uploads\/2019\/03\/20180527-Kulturgeb\u00e4ude-Einweihung-DSC_6860-K-100x100.jpg 100w\" sizes=\"(max-width: 150px) 100vw, 150px\" \/><\/a>\n\t\t\t<\/div><\/figure><figure class='gallery-item'>\n\t\t\t<div class='gallery-icon portrait'>\n\t\t\t\t<a href='http:\/\/lenggenwil.undgestaltung.ch\/index.php\/verein-dorfbuehne-lenggenwil\/015_2016_lenggiball\/'><img width=\"150\" height=\"150\" src=\"http:\/\/lenggenwil.undgestaltung.ch\/wp-content\/uploads\/2019\/03\/015_2016_lenggiball-e1552486466515-150x150.jpg\" class=\"attachment-thumbnail size-thumbnail\" alt=\"\" loading=\"lazy\" srcset=\"http:\/\/lenggenwil.undgestaltung.ch\/wp-content\/uploads\/2019\/03\/015_2016_lenggiball-e1552486466515-150x150.jpg 150w, http:\/\/lenggenwil.undgestaltung.ch\/wp-content\/uploads\/2019\/03\/015_2016_lenggiball-e1552486466515-400x400.jpg 400w, http:\/\/lenggenwil.undgestaltung.ch\/wp-content\/uploads\/2019\/03\/015_2016_lenggiball-e1552486466515-100x100.jpg 100w\" sizes=\"(max-width: 150px) 100vw, 150px\" \/><\/a>\n\t\t\t<\/div><\/figure><figure class='gallery-item'>\n\t\t\t<div class='gallery-icon landscape'>\n\t\t\t\t<a href='http:\/\/lenggenwil.undgestaltung.ch\/index.php\/verein-dorfbuehne-lenggenwil\/40-fasnachtsumzug-2018_123\/'><img width=\"150\" height=\"150\" src=\"http:\/\/lenggenwil.undgestaltung.ch\/wp-content\/uploads\/2019\/03\/40.Fasnachtsumzug-2018_123-150x150.jpg\" class=\"attachment-thumbnail size-thumbnail\" alt=\"\" loading=\"lazy\" srcset=\"http:\/\/lenggenwil.undgestaltung.ch\/wp-content\/uploads\/2019\/03\/40.Fasnachtsumzug-2018_123-150x150.jpg 150w, http:\/\/lenggenwil.undgestaltung.ch\/wp-content\/uploads\/2019\/03\/40.Fasnachtsumzug-2018_123-400x400.jpg 400w, http:\/\/lenggenwil.undgestaltung.ch\/wp-content\/uploads\/2019\/03\/40.Fasnachtsumzug-2018_123-100x100.jpg 100w\" sizes=\"(max-width: 150px) 100vw, 150px\" \/><\/a>\n\t\t\t<\/div><\/figure><figure class='gallery-item'>\n\t\t\t<div class='gallery-icon landscape'>\n\t\t\t\t<a href='http:\/\/lenggenwil.undgestaltung.ch\/index.php\/verein-dorfbuehne-lenggenwil\/40-fasnachtsumzug-2018_309\/'><img width=\"150\" height=\"150\" src=\"http:\/\/lenggenwil.undgestaltung.ch\/wp-content\/uploads\/2019\/03\/40.Fasnachtsumzug-2018_309-150x150.jpg\" class=\"attachment-thumbnail size-thumbnail\" alt=\"\" loading=\"lazy\" srcset=\"http:\/\/lenggenwil.undgestaltung.ch\/wp-content\/uploads\/2019\/03\/40.Fasnachtsumzug-2018_309-150x150.jpg 150w, http:\/\/lenggenwil.undgestaltung.ch\/wp-content\/uploads\/2019\/03\/40.Fasnachtsumzug-2018_309-400x400.jpg 400w, http:\/\/lenggenwil.undgestaltung.ch\/wp-content\/uploads\/2019\/03\/40.Fasnachtsumzug-2018_309-100x100.jpg 100w\" sizes=\"(max-width: 150px) 100vw, 150px\" \/><\/a>\n\t\t\t<\/div><\/figure><figure class='gallery-item'>\n\t\t\t<div class='gallery-icon landscape'>\n\t\t\t\t<a href='http:\/\/lenggenwil.undgestaltung.ch\/index.php\/verein-dorfbuehne-lenggenwil\/084_umzug_2017\/'><img width=\"150\" height=\"150\" src=\"http:\/\/lenggenwil.undgestaltung.ch\/wp-content\/uploads\/2019\/03\/084_umzug_2017-150x150.jpg\" class=\"attachment-thumbnail size-thumbnail\" alt=\"\" loading=\"lazy\" srcset=\"http:\/\/lenggenwil.undgestaltung.ch\/wp-content\/uploads\/2019\/03\/084_umzug_2017-150x150.jpg 150w, http:\/\/lenggenwil.undgestaltung.ch\/wp-content\/uploads\/2019\/03\/084_umzug_2017-400x400.jpg 400w, http:\/\/lenggenwil.undgestaltung.ch\/wp-content\/uploads\/2019\/03\/084_umzug_2017-100x100.jpg 100w\" sizes=\"(max-width: 150px) 100vw, 150px\" \/><\/a>\n\t\t\t<\/div><\/figure><figure class='gallery-item'>\n\t\t\t<div class='gallery-icon landscape'>\n\t\t\t\t<a href='http:\/\/lenggenwil.undgestaltung.ch\/index.php\/verein-dorfbuehne-lenggenwil\/foto-fasnacht-2017\/'><img width=\"150\" height=\"150\" src=\"http:\/\/lenggenwil.undgestaltung.ch\/wp-content\/uploads\/2019\/03\/Foto-Fasnacht-2017-150x150.jpeg\" class=\"attachment-thumbnail size-thumbnail\" alt=\"\" loading=\"lazy\" srcset=\"http:\/\/lenggenwil.undgestaltung.ch\/wp-content\/uploads\/2019\/03\/Foto-Fasnacht-2017-150x150.jpeg 150w, http:\/\/lenggenwil.undgestaltung.ch\/wp-content\/uploads\/2019\/03\/Foto-Fasnacht-2017-400x400.jpeg 400w, http:\/\/lenggenwil.undgestaltung.ch\/wp-content\/uploads\/2019\/03\/Foto-Fasnacht-2017-100x100.jpeg 100w\" sizes=\"(max-width: 150px) 100vw, 150px\" \/><\/a>\n\t\t\t<\/div><\/figure><figure class='gallery-item'>\n\t\t\t<div class='gallery-icon landscape'>\n\t\t\t\t<a href='http:\/\/lenggenwil.undgestaltung.ch\/index.php\/verein-dorfbuehne-lenggenwil\/lenggiball-2018_168\/'><img width=\"150\" height=\"150\" src=\"http:\/\/lenggenwil.undgestaltung.ch\/wp-content\/uploads\/2019\/03\/Lenggiball-2018_168-150x150.jpg\" class=\"attachment-thumbnail size-thumbnail\" alt=\"\" loading=\"lazy\" srcset=\"http:\/\/lenggenwil.undgestaltung.ch\/wp-content\/uploads\/2019\/03\/Lenggiball-2018_168-150x150.jpg 150w, http:\/\/lenggenwil.undgestaltung.ch\/wp-content\/uploads\/2019\/03\/Lenggiball-2018_168-400x400.jpg 400w, http:\/\/lenggenwil.undgestaltung.ch\/wp-content\/uploads\/2019\/03\/Lenggiball-2018_168-100x100.jpg 100w\" sizes=\"(max-width: 150px) 100vw, 150px\" \/><\/a>\n\t\t\t<\/div><\/figure><figure class='gallery-item'>\n\t\t\t<div class='gallery-icon portrait'>\n\t\t\t\t<a href='http:\/\/lenggenwil.undgestaltung.ch\/index.php\/verein-dorfbuehne-lenggenwil\/20120923-ballonstart-kathedrale-dsc_0267-k\/'><img width=\"150\" height=\"150\" src=\"http:\/\/lenggenwil.undgestaltung.ch\/wp-content\/uploads\/2019\/03\/20120923-Ballonstart-Kathedrale-DSC_0267-K-150x150.jpg\" class=\"attachment-thumbnail size-thumbnail\" alt=\"\" loading=\"lazy\" srcset=\"http:\/\/lenggenwil.undgestaltung.ch\/wp-content\/uploads\/2019\/03\/20120923-Ballonstart-Kathedrale-DSC_0267-K-150x150.jpg 150w, http:\/\/lenggenwil.undgestaltung.ch\/wp-content\/uploads\/2019\/03\/20120923-Ballonstart-Kathedrale-DSC_0267-K-400x400.jpg 400w, http:\/\/lenggenwil.undgestaltung.ch\/wp-content\/uploads\/2019\/03\/20120923-Ballonstart-Kathedrale-DSC_0267-K-100x100.jpg 100w\" sizes=\"(max-width: 150px) 100vw, 150px\" \/><\/a>\n\t\t\t<\/div><\/figure><figure class='gallery-item'>\n\t\t\t<div class='gallery-icon landscape'>\n\t\t\t\t<a href='http:\/\/lenggenwil.undgestaltung.ch\/index.php\/verein-dorfbuehne-lenggenwil\/20161229-engel-kirche-dsc_6495-k\/'><img width=\"150\" height=\"150\" src=\"http:\/\/lenggenwil.undgestaltung.ch\/wp-content\/uploads\/2019\/03\/20161229-Engel-Kirche-DSC_6495-K-150x150.jpg\" class=\"attachment-thumbnail size-thumbnail\" alt=\"\" loading=\"lazy\" srcset=\"http:\/\/lenggenwil.undgestaltung.ch\/wp-content\/uploads\/2019\/03\/20161229-Engel-Kirche-DSC_6495-K-150x150.jpg 150w, http:\/\/lenggenwil.undgestaltung.ch\/wp-content\/uploads\/2019\/03\/20161229-Engel-Kirche-DSC_6495-K-400x400.jpg 400w, http:\/\/lenggenwil.undgestaltung.ch\/wp-content\/uploads\/2019\/03\/20161229-Engel-Kirche-DSC_6495-K-100x100.jpg 100w\" sizes=\"(max-width: 150px) 100vw, 150px\" \/><\/a>\n\t\t\t<\/div><\/figure><figure class='gallery-item'>\n\t\t\t<div class='gallery-icon landscape'>\n\t\t\t\t<a href='http:\/\/lenggenwil.undgestaltung.ch\/index.php\/verein-dorfbuehne-lenggenwil\/20160925-erntedankfest-dsc_4336-k\/'><img width=\"150\" height=\"150\" src=\"http:\/\/lenggenwil.undgestaltung.ch\/wp-content\/uploads\/2019\/03\/20160925-Erntedankfest-DSC_4336-K-150x150.jpg\" class=\"attachment-thumbnail size-thumbnail\" alt=\"\" loading=\"lazy\" srcset=\"http:\/\/lenggenwil.undgestaltung.ch\/wp-content\/uploads\/2019\/03\/20160925-Erntedankfest-DSC_4336-K-150x150.jpg 150w, http:\/\/lenggenwil.undgestaltung.ch\/wp-content\/uploads\/2019\/03\/20160925-Erntedankfest-DSC_4336-K-400x400.jpg 400w, http:\/\/lenggenwil.undgestaltung.ch\/wp-content\/uploads\/2019\/03\/20160925-Erntedankfest-DSC_4336-K-100x100.jpg 100w\" sizes=\"(max-width: 150px) 100vw, 150px\" \/><\/a>\n\t\t\t<\/div><\/figure><figure class='gallery-item'>\n\t\t\t<div class='gallery-icon portrait'>\n\t\t\t\t<a href='http:\/\/lenggenwil.undgestaltung.ch\/index.php\/verein-dorfbuehne-lenggenwil\/20150421-kirche-lengggenwil-dsc04257\/'><img width=\"150\" height=\"150\" src=\"http:\/\/lenggenwil.undgestaltung.ch\/wp-content\/uploads\/2021\/04\/20150421-Kirche-Lengggenwil-DSC04257-scaled-e1617985209310-150x150.jpg\" class=\"attachment-thumbnail size-thumbnail\" alt=\"\" loading=\"lazy\" srcset=\"http:\/\/lenggenwil.undgestaltung.ch\/wp-content\/uploads\/2021\/04\/20150421-Kirche-Lengggenwil-DSC04257-scaled-e1617985209310-150x150.jpg 150w, http:\/\/lenggenwil.undgestaltung.ch\/wp-content\/uploads\/2021\/04\/20150421-Kirche-Lengggenwil-DSC04257-scaled-e1617985209310-400x400.jpg 400w, http:\/\/lenggenwil.undgestaltung.ch\/wp-content\/uploads\/2021\/04\/20150421-Kirche-Lengggenwil-DSC04257-scaled-e1617985209310-100x100.jpg 100w\" sizes=\"(max-width: 150px) 100vw, 150px\" \/><\/a>\n\t\t\t<\/div><\/figure>\n\t\t<\/div>\n\n<p>Der Verein Dorfb\u00fchne wurde 1984 mit dem Zweck der Realisierung des B\u00fchnenanbaus vom Mehrzweckgeb\u00e4ude gegr\u00fcndet.<\/p>\n<p><strong>Der Verein bezweckt die F\u00f6rderung des Dorflebens in Lenggenwil<\/strong>.<\/p>\n<p>Im Verein Dorfb\u00fchne sind die Beh\u00f6rden und Vereine zusammengeschlossen, um die R\u00e4umlichkeiten und deren Infrastruktur optimal nutzen zu k\u00f6nnen.<\/p>\n<p>Der Verein Dorfb\u00fchne Lenggenwil ist Eigent\u00fcmer des Kulturgeb\u00e4udes und vermietet den Raum f\u00fcrs Dorf. Im Kulturgeb\u00e4ude ist der Dorfladen dorfharass by hinz &amp; kunz eingemietet. Die Jungwacht verf\u00fcgt im hinteren Bereich \u00fcber einen Lagerraum.<\/p>\n<p>Der Dorfplatz ist ein \u00f6ffentlicher Begegnungsort, Treffpunkt f\u00fcr die Bev\u00f6lkerung und wird f\u00fcr Anl\u00e4sse und Festivit\u00e4ten genutzt.<\/p>\n<p>Die Besitzer des Mehrzweckgeb\u00e4ude sind die Politische Gemeinde Niederhelfenschwil, die Kirchgemeinde Lenggenwil und der Verein Dorfb\u00fchne Lenggenwil.<\/p>\n<p>Der Verein Dorfb\u00fchne Lenggenwil vermietet die R\u00e4umlichkeiten des MZG ausserhalb der Schulzeiten.<\/p>\n<p><strong>Vorstand Verein Dorfb\u00fchne<\/strong><\/p>\n<p><strong>Pr\u00e4sidentin<br \/>\n<\/strong>Karin Meienhofer, Tel. 078 \/ 603 03 26<strong>, <\/strong><a href=\"mailto:kmeienhofer@gmx.ch\">kmeienhofer@gmx.ch<\/a><\/p>\n<p><strong>Vertreter Jugend + Kultur und Vizepr\u00e4sident<\/strong><br \/>\nBasil Jung, Tel. 079 \/ 313 97 91, <a href=\"mailto:basil.jung@thurweb.ch\">basil.jung@thurweb.ch<\/a><\/p>\n<p><strong>Vertreter Kirchgemeinde Lenggenwil<\/strong><br \/>\nPatrick Mader, Tel. 079\/ 506 31 00, <a href=\"mailto:patrick.mader@thurweb.ch\">patrick.mader@thurweb.ch<\/a><\/p>\n<p><strong>Vertreter Musig Lenggenwil<\/strong><br \/>\nRaphael Mader, Tel. 078 \/ 765 30 71, <a href=\"mailto:r.mader@hotmail.ch\">r.mader@hotmail.ch<\/a><\/p>\n<p><strong>Vertreter Dorfladen<\/strong><br \/>\nWalter Hollenstein, 079 \/ 848 32 48, <a href=\"mailto:smaunt@tbwil.ch\">smaunt@tbwil.ch<\/a><\/p>\n<p><strong>Vertreterin Theater Lenggenwil<\/strong><br \/>\nJanine Keller, 079 \/ 303 69 50 <a href=\"mailto:keller-janine@gmx.ch\">keller-janine@gmx.ch<\/a><\/p>\n<p><strong>Vertreterin Frauengemeinschaft Lenggenwil<\/strong><br \/>\nDoris H\u00e4lg, Tel. 079 \/ 478 39 06, <a href=\"doris.haelg@tbwil.ch\">doris.haelg@tbwil.ch<\/a><\/p>\n<p><strong>Vertreterin Frauengemeinschaft Lenggenwil und Kassierin<\/strong><br \/>\nCorina H\u00e4lg, Tel. 079 \/ 753 66 37, <a href=\"mailto:info@neuberg-lenggenwil.ch\">info@neuberg-lenggenwil.ch<\/a><\/p>\n<p><strong>Vertreter Jugend + Kultur<\/strong><br \/>\nSeverin L\u00f6hrer, 079 \/ 748 81 70, <a href=\"mailto:info@lenggenwilerfasnacht.ch\">info@lenggenwilerfasnacht.ch<\/a><\/p>\n<p><strong>Verwalterin Raum f\u00fcrs Dorf (Reservationen Raum f\u00fcrs Dorf)<\/strong><br \/>\nKarin Meienhofer, Tel. 078 \/ 603 03 26<strong>, <\/strong><a href=\"mailto:kmeienhofer@gmx.ch\">kmeienhofer@gmx.ch<\/a><br \/>\n<u><\/u><\/p>\n<p><strong>B\u00fchnenmeister ad interim (Reservationen MZG)<\/strong><br \/>\nKarin Meienhofer, Tel. 078 \/ 603 03 26<strong>, <\/strong><a href=\"mailto:kmeienhofer@gmx.ch\">kmeienhofer@gmx.ch<\/a><\/p>\n","protected":false},"excerpt":{"rendered":"<p>Der Verein Dorfb\u00fchne wurde 1984 mit dem Zweck der Realisierung des B\u00fchnenanbaus vom Mehrzweckgeb\u00e4ude gegr\u00fcndet. Der Verein bezweckt die F\u00f6rderung des Dorflebens in Lenggenwil. Im Verein Dorfb\u00fchne sind die Beh\u00f6rden und Vereine zusammengeschlossen, um die R\u00e4umlichkeiten und deren Infrastruktur optimal nutzen zu k\u00f6nnen. Der Verein Dorfb\u00fchne Lenggenwil ist Eigent\u00fcmer des Kulturgeb\u00e4udes und vermietet den Raum [&hellip;]<\/p>\n","protected":false},"author":1,"featured_media":0,"parent":0,"menu_order":0,"comment_status":"closed","ping_status":"closed","template":"","meta":[],"_links":{"self":[{"href":"http:\/\/lenggenwil.undgestaltung.ch\/index.php\/wp-json\/wp\/v2\/pages\/6"}],"collection":[{"href":"http:\/\/lenggenwil.undgestaltung.ch\/index.php\/wp-json\/wp\/v2\/pages"}],"about":[{"href":"http:\/\/lenggenwil.undgestaltung.ch\/index.php\/wp-json\/wp\/v2\/types\/page"}],"author":[{"embeddable":true,"href":"http:\/\/lenggenwil.undgestaltung.ch\/index.php\/wp-json\/wp\/v2\/users\/1"}],"replies":[{"embeddable":true,"href":"http:\/\/lenggenwil.undgestaltung.ch\/index.php\/wp-json\/wp\/v2\/comments?post=6"}],"version-history":[{"count":35,"href":"http:\/\/lenggenwil.undgestaltung.ch\/index.php\/wp-json\/wp\/v2\/pages\/6\/revisions"}],"predecessor-version":[{"id":597,"href":"http:\/\/lenggenwil.undgestaltung.ch\/index.php\/wp-json\/wp\/v2\/pages\/6\/revisions\/597"}],"wp:attachment":[{"href":"http:\/\/lenggenwil.undgestaltung.ch\/index.php\/wp-json\/wp\/v2\/media?parent=6"}],"curies":[{"name":"wp","href":"https:\/\/api.w.org\/{rel}","templated":true}]}}